{"id":314,"date":"2024-12-02T10:44:53","date_gmt":"2024-12-02T09:44:53","guid":{"rendered":"https:\/\/sedyf.es\/sobre-nosaltres\/"},"modified":"2026-01-27T11:12:47","modified_gmt":"2026-01-27T10:12:47","slug":"sobre-nosaltres","status":"publish","type":"page","link":"https:\/\/sedyf.es\/ca\/sobre-nosaltres\/","title":{"rendered":"Sobre nosaltres"},"content":{"rendered":"<p>[et_pb_section fb_built=&#8221;1&#8243; next_background_color=&#8221;#ffffff&#8221; _builder_version=&#8221;4.27.4&#8243; _module_preset=&#8221;default&#8221; use_background_color_gradient=&#8221;on&#8221; background_color_gradient_stops=&#8221;#0085a3 0%|rgba(0,133,163,0.5) 100%&#8221; bottom_divider_style=&#8221;arrow&#8221; locked=&#8221;off&#8221; global_colors_info=&#8221;{}&#8221;][et_pb_row _builder_version=&#8221;4.27.4&#8243; _module_preset=&#8221;default&#8221; global_colors_info=&#8221;{}&#8221;][et_pb_column type=&#8221;4_4&#8243; _builder_version=&#8221;4.27.4&#8243; _module_preset=&#8221;default&#8221; global_colors_info=&#8221;{}&#8221;][et_pb_post_title meta=&#8221;off&#8221; featured_image=&#8221;off&#8221; _builder_version=&#8221;4.27.4&#8243; _module_preset=&#8221;default&#8221; title_font=&#8221;|700|||||||&#8221; title_text_align=&#8221;center&#8221; title_text_color=&#8221;#FFFFFF&#8221; title_text_shadow_style=&#8221;preset3&#8243; global_colors_info=&#8221;{}&#8221;][\/et_pb_post_title][\/et_pb_column][\/et_pb_row][\/et_pb_section][et_pb_section fb_built=&#8221;1&#8243; _builder_version=&#8221;4.27.4&#8243; _module_preset=&#8221;default&#8221; global_colors_info=&#8221;{}&#8221;][et_pb_row column_structure=&#8221;1_2,1_2&#8243; _builder_version=&#8221;4.27.4&#8243; _module_preset=&#8221;default&#8221; global_colors_info=&#8221;{}&#8221;][et_pb_column type=&#8221;1_2&#8243; _builder_version=&#8221;4.27.4&#8243; _module_preset=&#8221;default&#8221; global_colors_info=&#8221;{}&#8221;][et_pb_text _builder_version=&#8221;4.27.5&#8243; _module_preset=&#8221;default&#8221; text_font=&#8221;|700|||||||&#8221; header_2_font=&#8221;|600|||||||&#8221; header_3_font=&#8221;|700|||||||&#8221; header_3_text_align=&#8221;left&#8221; header_3_text_color=&#8221;#1A1A1A&#8221; text_orientation=&#8221;center&#8221; custom_margin=&#8221;||18px|||&#8221; hover_enabled=&#8221;0&#8243; border_width_bottom=&#8221;1px&#8221; border_color_bottom=&#8221;#0085A3&#8243; global_colors_info=&#8221;{}&#8221; sticky_enabled=&#8221;0&#8243;]<\/p>\n<h2>La nostra hist\u00f2ria<\/h2>\n<p>[\/et_pb_text][et_pb_text _builder_version=&#8221;4.27.5&#8243; _module_preset=&#8221;default&#8221; custom_padding=&#8221;40px|||||&#8221; hover_enabled=&#8221;0&#8243; global_colors_info=&#8221;{}&#8221; sticky_enabled=&#8221;0&#8243;]<\/p>\n<ul>\n<li><strong>M\u00e9s de 25 anys d&#8217;experi\u00e8ncia: <\/strong> ens dediquem a la distribuci\u00f3 i comercialitzaci\u00f3 de productes higi\u00e8nics per a la ind\u00fastria, hostaleria i col\u00b7lectivitats.<\/li>\n<li><strong>Ampli cat\u00e0leg de productes:<\/strong> comptem amb m\u00e9s de <strong>1.600 refer\u00e8ncies en estoc<\/strong>, cobrint les necessitats dels nostres clients en diferents sectors.<\/li>\n<li><strong>Instal\u00b7lacions optimitzades:<\/strong> el nostre espai est\u00e0 dissenyat per garantir una distribuci\u00f3 eficient i un servei r\u00e0pid.<\/li>\n<li><strong>Equip especialitzat:<\/strong> professionals capacitats per atendre consultes, resoldre demandes i assegurar entregues en el menor temps possible.<\/li>\n<li><strong>Comprom\u00eds amb la qualitat:<\/strong> a SEDYF, la nostra prioritat \u00e9s oferir solucions fiables i un servei excepcional a cada client.<\/li>\n<\/ul>\n<p>[\/et_pb_text][\/et_pb_column][et_pb_column type=&#8221;1_2&#8243; _builder_version=&#8221;4.27.4&#8243; _module_preset=&#8221;default&#8221; global_colors_info=&#8221;{}&#8221;][et_pb_gallery gallery_ids=&#8221;315,316,317&#8243; fullwidth=&#8221;on&#8221; _builder_version=&#8221;4.27.4&#8243; _module_preset=&#8221;default&#8221; pagination_text_color=&#8221;#FFFFFF&#8221; global_colors_info=&#8221;{}&#8221;][\/et_pb_gallery][\/et_pb_column][\/et_pb_row][et_pb_row _builder_version=&#8221;4.27.4&#8243; _module_preset=&#8221;default&#8221; global_colors_info=&#8221;{}&#8221;][et_pb_column type=&#8221;4_4&#8243; _builder_version=&#8221;4.27.4&#8243; _module_preset=&#8221;default&#8221; global_colors_info=&#8221;{}&#8221;][et_pb_text _builder_version=&#8221;4.27.4&#8243; _module_preset=&#8221;default&#8221; global_colors_info=&#8221;{}&#8221;][\/et_pb_text][\/et_pb_column][\/et_pb_row][\/et_pb_section][et_pb_section fb_built=&#8221;1&#8243; _builder_version=&#8221;4.27.4&#8243; _module_preset=&#8221;default&#8221; custom_margin=&#8221;0px|0px|0px|0px|true|true&#8221; custom_padding=&#8221;0px|0px|0px|0px|true|true&#8221; locked=&#8221;off&#8221; global_colors_info=&#8221;{}&#8221;][et_pb_row column_structure=&#8221;1_2,1_2&#8243; use_custom_gutter=&#8221;on&#8221; gutter_width=&#8221;1&#8243; make_equal=&#8221;on&#8221; _builder_version=&#8221;4.27.4&#8243; _module_preset=&#8221;default&#8221; width=&#8221;100%&#8221; max_width=&#8221;100%&#8221; custom_margin=&#8221;0px|0px|0px|0px|true|true&#8221; custom_padding=&#8221;0px|0px|0px|0px|true|true&#8221; global_colors_info=&#8221;{}&#8221;][et_pb_column type=&#8221;1_2&#8243; _builder_version=&#8221;4.27.4&#8243; _dynamic_attributes=&#8221;link_option_url&#8221; _module_preset=&#8221;default&#8221; background_color=&#8221;#0085A3&#8243; link_option_url=&#8221;@ET-DC@eyJkeW5hbWljIjp0cnVlLCJjb250ZW50IjoicG9zdF9saW5rX3VybF9wYWdlIiwic2V0dGluZ3MiOnsicG9zdF9pZCI6IjEzNyJ9fQ==@&#8221; global_colors_info=&#8221;{}&#8221; background__hover_enabled=&#8221;off|desktop&#8221; background_color__hover=&#8221;rgba(0,133,163,0.8)&#8221; background_enable_color__hover=&#8221;on&#8221;][et_pb_text _builder_version=&#8221;4.27.4&#8243; _dynamic_attributes=&#8221;link_option_url&#8221; _module_preset=&#8221;default&#8221; text_text_color=&#8221;#FFFFFF&#8221; header_3_font=&#8221;|700|||||||&#8221; header_3_text_color=&#8221;#FFFFFF&#8221; header_3_font_size=&#8221;54px&#8221; width=&#8221;75%&#8221; module_alignment=&#8221;center&#8221; custom_margin=&#8221;0px||0px||true|false&#8221; custom_padding=&#8221;108px|20px|108px|150px|true|false&#8221; custom_padding_tablet=&#8221;108px|20px|108px|150px|true|false&#8221; custom_padding_phone=&#8221;75px|25px|75px|25px|true|true&#8221; custom_padding_last_edited=&#8221;on|phone&#8221; link_option_url=&#8221;@ET-DC@eyJkeW5hbWljIjp0cnVlLCJjb250ZW50IjoicG9zdF9saW5rX3VybF9wYWdlIiwic2V0dGluZ3MiOnsicG9zdF9pZCI6IjEzNyJ9fQ==@&#8221; header_3_text_shadow_style=&#8221;preset3&#8243; global_colors_info=&#8221;{}&#8221;]<\/p>\n<p><strong>Vam crear aquesta empresa fa m\u00e9s de 25 anys. Des d&#8217;aleshores dediquem el nostre treball a la distribuci\u00f3 i comercialitzaci\u00f3 d&#8217;una \u00e0mplia gamma de productes <\/strong><br \/><strong>higi\u00e8nics necessaris en el camp industrial, l&#8217;hostaleria i tamb\u00e9 en altres col\u00b7lectivitats.<\/strong><\/p>\n<p>[\/et_pb_text][\/et_pb_column][et_pb_column type=&#8221;1_2&#8243; _builder_version=&#8221;4.27.4&#8243; _dynamic_attributes=&#8221;link_option_url&#8221; _module_preset=&#8221;default&#8221; background_color=&#8221;#FFFFFF&#8221; link_option_url=&#8221;@ET-DC@eyJkeW5hbWljIjp0cnVlLCJjb250ZW50IjoicG9zdF9saW5rX3VybF9wYWdlIiwic2V0dGluZ3MiOnsicG9zdF9pZCI6IjIzIn19@&#8221; global_colors_info=&#8221;{}&#8221; background__hover_enabled=&#8221;off|desktop&#8221; background_color__hover=&#8221;rgba(0,133,163,0.15)&#8221; background_enable_color__hover=&#8221;on&#8221;][et_pb_text _builder_version=&#8221;4.27.4&#8243; _dynamic_attributes=&#8221;link_option_url&#8221; _module_preset=&#8221;default&#8221; text_text_color=&#8221;#1A1A1A&#8221; header_3_font=&#8221;|700|||||||&#8221; header_3_text_color=&#8221;#1A1A1A&#8221; header_3_font_size=&#8221;54px&#8221; width=&#8221;75%&#8221; module_alignment=&#8221;center&#8221; custom_margin=&#8221;0px||0px||true|false&#8221; custom_padding=&#8221;50px|150px|50px|25px|true|false&#8221; custom_padding_tablet=&#8221;50px|150px|50px|25px|true|false&#8221; custom_padding_phone=&#8221;75px|25px|75px|25px|true|true&#8221; custom_padding_last_edited=&#8221;on|phone&#8221; link_option_url=&#8221;@ET-DC@eyJkeW5hbWljIjp0cnVlLCJjb250ZW50IjoicG9zdF9saW5rX3VybF9wYWdlIiwic2V0dGluZ3MiOnsicG9zdF9pZCI6IjIzIn19@&#8221; locked=&#8221;off&#8221; global_colors_info=&#8221;{}&#8221;]<\/p>\n<h3><\/h3>\n<p><span id=\"result_box\" lang=\"ca\">Comptem amb unes instal\u00b7lacions que alberguen al voltant dels 1.600 productes que componen el nostre estoc.<\/span><span> <\/span><\/p>\n<p><span>Aquesta capacitat d&#8217;emmagatzematge juntament amb el nostre competent equip de personal, especialitzat en el millor servei atenent les seves consultes, donant resposta a les seves demandes i servint amb brevetat les seves comandes, fa que siguem una empresa amb gran capacitat de distribuci\u00f3 i atenci\u00f3 als nostres clients.<\/span><\/p>\n<p>[\/et_pb_text][\/et_pb_column][\/et_pb_row][\/et_pb_section][et_pb_section fb_built=&#8221;1&#8243; fullwidth=&#8221;on&#8221; _builder_version=&#8221;4.27.4&#8243; _module_preset=&#8221;default&#8221; locked=&#8221;off&#8221; global_colors_info=&#8221;{}&#8221;][et_pb_fullwidth_slider _builder_version=&#8221;4.27.4&#8243; _module_preset=&#8221;default&#8221; custom_button=&#8221;on&#8221; button_icon=&#8221;&#x37;||divi||400&#8243; global_colors_info=&#8221;{}&#8221;][et_pb_slide heading=&#8221;Resoldre els seus dubtes mai no ha estat tan f\u00e0cil&#8221; button_text=&#8221;Contacti ara&#8221; button_link=&#8221;#contacto&#8221; _builder_version=&#8221;4.27.4&#8243; _module_preset=&#8221;default&#8221; header_font=&#8221;|700|||||||&#8221; background_color=&#8221;rgba(26,26,26,0.63)&#8221; background_enable_color=&#8221;on&#8221; background_image=&#8221;https:\/\/sedyf.es\/wp-content\/uploads\/2025\/01\/sedyf-1.jpg&#8221; background_enable_image=&#8221;on&#8221; parallax=&#8221;on&#8221; parallax_method=&#8221;off&#8221; background_blend=&#8221;darken&#8221; background_last_edited=&#8221;on|phone&#8221; parallax_phone=&#8221;off&#8221; header_text_shadow_style=&#8221;preset3&#8243; global_colors_info=&#8221;{}&#8221; sticky_transition=&#8221;on&#8221;]<\/p>\n<p>Completi el formulari i deixi que nosaltres ens encarreguem de la resta. Li respondrem de seguida! <\/p>\n<p>[\/et_pb_slide][\/et_pb_fullwidth_slider][\/et_pb_section]<\/p>\n","protected":false},"excerpt":{"rendered":"<p>La nostra hist\u00f2ria M\u00e9s de 25 anys d&#8217;experi\u00e8ncia: ens dediquem a la distribuci\u00f3 i comercialitzaci\u00f3 de productes higi\u00e8nics per a la ind\u00fastria, hostaleria i col\u00b7lectivitats. Ampli cat\u00e0leg de productes: comptem amb m\u00e9s de 1.600 refer\u00e8ncies en estoc, cobrint les necessitats dels nostres clients en diferents sectors. Instal\u00b7lacions optimitzades: el nostre espai est\u00e0 dissenyat per garantir [&hellip;]<\/p>\n","protected":false},"author":2,"featured_media":0,"parent":0,"menu_order":0,"comment_status":"closed","ping_status":"closed","template":"","meta":{"_et_pb_use_builder":"on","_et_pb_old_content":"","_et_gb_content_width":"","footnotes":""},"class_list":["post-314","page","type-page","status-publish","hentry"],"_links":{"self":[{"href":"https:\/\/sedyf.es\/ca\/wp-json\/wp\/v2\/pages\/314","targetHints":{"allow":["GET"]}}],"collection":[{"href":"https:\/\/sedyf.es\/ca\/wp-json\/wp\/v2\/pages"}],"about":[{"href":"https:\/\/sedyf.es\/ca\/wp-json\/wp\/v2\/types\/page"}],"author":[{"embeddable":true,"href":"https:\/\/sedyf.es\/ca\/wp-json\/wp\/v2\/users\/2"}],"replies":[{"embeddable":true,"href":"https:\/\/sedyf.es\/ca\/wp-json\/wp\/v2\/comments?post=314"}],"version-history":[{"count":11,"href":"https:\/\/sedyf.es\/ca\/wp-json\/wp\/v2\/pages\/314\/revisions"}],"predecessor-version":[{"id":351,"href":"https:\/\/sedyf.es\/ca\/wp-json\/wp\/v2\/pages\/314\/revisions\/351"}],"wp:attachment":[{"href":"https:\/\/sedyf.es\/ca\/wp-json\/wp\/v2\/media?parent=314"}],"curies":[{"name":"wp","href":"https:\/\/api.w.org\/{rel}","templated":true}]}}